{"id":2547,"date":"2023-12-31T08:06:26","date_gmt":"2023-12-31T08:06:26","guid":{"rendered":"http:\/\/nnselektronik.com\/brands\/"},"modified":"2024-02-29T12:24:23","modified_gmt":"2024-02-29T12:24:23","slug":"brands","status":"publish","type":"page","link":"http:\/\/nnselektronik.com\/tr\/brands\/","title":{"rendered":"Brands"},"content":{"rendered":"\t\t<div data-elementor-type=\"wp-page\" data-elementor-id=\"2547\" class=\"elementor elementor-2547\" data-elementor-post-type=\"page\">\n\t\t\t\t<div class=\"elementor-element elementor-element-d5167ba e-flex e-con-boxed e-con e-parent\" data-id=\"d5167ba\" data-element_type=\"container\" data-settings=\"{&quot;background_background&quot;:&quot;classic&quot;,&quot;content_width&quot;:&quot;boxed&quot;}\" data-core-v316-plus=\"true\">\n\t\t\t\t\t<div class=\"e-con-inner\">\n\t\t<div class=\"elementor-element elementor-element-56f0dfe e-con-full e-flex e-con e-child\" data-id=\"56f0dfe\" data-element_type=\"container\" data-settings=\"{&quot;content_width&quot;:&quot;full&quot;}\">\n\t\t\t\t<div class=\"elementor-element elementor-element-2caa415 elementor-widget elementor-widget-heading\" data-id=\"2caa415\" data-element_type=\"widget\" data-widget_type=\"heading.default\">\n\t\t\t\t<div class=\"elementor-widget-container\">\n\t\t\t<style>\/*! elementor - v3.19.0 - 28-02-2024 *\/\n.elementor-heading-title{padding:0;margin:0;line-height:1}.elementor-widget-heading .elementor-heading-title[class*=elementor-size-]>a{color:inherit;font-size:inherit;line-height:inherit}.elementor-widget-heading .elementor-heading-title.elementor-size-small{font-size:15px}.elementor-widget-heading .elementor-heading-title.elementor-size-medium{font-size:19px}.elementor-widget-heading .elementor-heading-title.elementor-size-large{font-size:29px}.elementor-widget-heading .elementor-heading-title.elementor-size-xl{font-size:39px}.elementor-widget-heading .elementor-heading-title.elementor-size-xxl{font-size:59px}<\/style><h1 class=\"elementor-heading-title elementor-size-default\">Markalar<\/h1>\t\t<\/div>\n\t\t\t\t<\/div>\n\t\t\t\t<\/div>\n\t\t\t\t\t<\/div>\n\t\t\t\t<\/div>\n\t\t\t\t<section class=\"elementor-section elementor-top-section elementor-element elementor-element-7b9792d elementor-section-full_width elementor-section-content-middle elementor-section-height-default elementor-section-height-default\" data-id=\"7b9792d\" data-element_type=\"section\">\n\t\t\t\t\t\t<div class=\"elementor-container elementor-column-gap-no\">\n\t\t\t\t\t<div class=\"elementor-column elementor-col-33 elementor-top-column elementor-element elementor-element-38c7978\" data-id=\"38c7978\" data-element_type=\"column\" data-settings=\"{&quot;background_background&quot;:&quot;classic&quot;}\">\n\t\t\t<div class=\"elementor-widget-wrap elementor-element-populated\">\n\t\t\t\t\t\t<div class=\"elementor-element elementor-element-c0fe610 elementor-widget elementor-widget-heading\" data-id=\"c0fe610\" data-element_type=\"widget\" data-widget_type=\"heading.default\">\n\t\t\t\t<div class=\"elementor-widget-container\">\n\t\t\t<h4 class=\"elementor-heading-title elementor-size-default\">Temsilcilerimiz<\/h4>\t\t<\/div>\n\t\t\t\t<\/div>\n\t\t\t\t<div class=\"elementor-element elementor-element-47b4f97 elementor-widget-divider--view-line elementor-widget elementor-widget-divider\" data-id=\"47b4f97\" data-element_type=\"widget\" data-widget_type=\"divider.default\">\n\t\t\t\t<div class=\"elementor-widget-container\">\n\t\t\t<style>\/*! elementor - v3.19.0 - 28-02-2024 *\/\n.elementor-widget-divider{--divider-border-style:none;--divider-border-width:1px;--divider-color:#0c0d0e;--divider-icon-size:20px;--divider-element-spacing:10px;--divider-pattern-height:24px;--divider-pattern-size:20px;--divider-pattern-url:none;--divider-pattern-repeat:repeat-x}.elementor-widget-divider .elementor-divider{display:flex}.elementor-widget-divider .elementor-divider__text{font-size:15px;line-height:1;max-width:95%}.elementor-widget-divider .elementor-divider__element{margin:0 var(--divider-element-spacing);flex-shrink:0}.elementor-widget-divider .elementor-icon{font-size:var(--divider-icon-size)}.elementor-widget-divider .elementor-divider-separator{display:flex;margin:0;direction:ltr}.elementor-widget-divider--view-line_icon .elementor-divider-separator,.elementor-widget-divider--view-line_text .elementor-divider-separator{align-items:center}.elementor-widget-divider--view-line_icon .elementor-divider-separator:after,.elementor-widget-divider--view-line_icon .elementor-divider-separator:before,.elementor-widget-divider--view-line_text .elementor-divider-separator:after,.elementor-widget-divider--view-line_text .elementor-divider-separator:before{display:block;content:\"\";border-block-end:0;flex-grow:1;border-block-start:var(--divider-border-width) var(--divider-border-style) var(--divider-color)}.elementor-widget-divider--element-align-left .elementor-divider .elementor-divider-separator>.elementor-divider__svg:first-of-type{flex-grow:0;flex-shrink:100}.elementor-widget-divider--element-align-left .elementor-divider-separator:before{content:none}.elementor-widget-divider--element-align-left .elementor-divider__element{margin-left:0}.elementor-widget-divider--element-align-right .elementor-divider .elementor-divider-separator>.elementor-divider__svg:last-of-type{flex-grow:0;flex-shrink:100}.elementor-widget-divider--element-align-right .elementor-divider-separator:after{content:none}.elementor-widget-divider--element-align-right .elementor-divider__element{margin-right:0}.elementor-widget-divider--element-align-start .elementor-divider .elementor-divider-separator>.elementor-divider__svg:first-of-type{flex-grow:0;flex-shrink:100}.elementor-widget-divider--element-align-start .elementor-divider-separator:before{content:none}.elementor-widget-divider--element-align-start .elementor-divider__element{margin-inline-start:0}.elementor-widget-divider--element-align-end .elementor-divider .elementor-divider-separator>.elementor-divider__svg:last-of-type{flex-grow:0;flex-shrink:100}.elementor-widget-divider--element-align-end .elementor-divider-separator:after{content:none}.elementor-widget-divider--element-align-end .elementor-divider__element{margin-inline-end:0}.elementor-widget-divider:not(.elementor-widget-divider--view-line_text):not(.elementor-widget-divider--view-line_icon) .elementor-divider-separator{border-block-start:var(--divider-border-width) var(--divider-border-style) var(--divider-color)}.elementor-widget-divider--separator-type-pattern{--divider-border-style:none}.elementor-widget-divider--separator-type-pattern.elementor-widget-divider--view-line .elementor-divider-separator,.elementor-widget-divider--separator-type-pattern:not(.elementor-widget-divider--view-line) .elementor-divider-separator:after,.elementor-widget-divider--separator-type-pattern:not(.elementor-widget-divider--view-line) .elementor-divider-separator:before,.elementor-widget-divider--separator-type-pattern:not([class*=elementor-widget-divider--view]) .elementor-divider-separator{width:100%;min-height:var(--divider-pattern-height);-webkit-mask-size:var(--divider-pattern-size) 100%;mask-size:var(--divider-pattern-size) 100%;-webkit-mask-repeat:var(--divider-pattern-repeat);mask-repeat:var(--divider-pattern-repeat);background-color:var(--divider-color);-webkit-mask-image:var(--divider-pattern-url);mask-image:var(--divider-pattern-url)}.elementor-widget-divider--no-spacing{--divider-pattern-size:auto}.elementor-widget-divider--bg-round{--divider-pattern-repeat:round}.rtl .elementor-widget-divider .elementor-divider__text{direction:rtl}.e-con-inner>.elementor-widget-divider,.e-con>.elementor-widget-divider{width:var(--container-widget-width,100%);--flex-grow:var(--container-widget-flex-grow)}<\/style>\t\t<div class=\"elementor-divider\">\n\t\t\t<span class=\"elementor-divider-separator\">\n\t\t\t\t\t\t<\/span>\n\t\t<\/div>\n\t\t\t\t<\/div>\n\t\t\t\t<\/div>\n\t\t\t\t<div class=\"elementor-element elementor-element-7c0b01f elementor-widget elementor-widget-heading\" data-id=\"7c0b01f\" data-element_type=\"widget\" data-widget_type=\"heading.default\">\n\t\t\t\t<div class=\"elementor-widget-container\">\n\t\t\t<h2 class=\"elementor-heading-title elementor-size-default\">Markalar<\/h2>\t\t<\/div>\n\t\t\t\t<\/div>\n\t\t\t\t\t<\/div>\n\t\t<\/div>\n\t\t\t\t<div class=\"elementor-column elementor-col-66 elementor-top-column elementor-element elementor-element-5febfec\" data-id=\"5febfec\" data-element_type=\"column\" data-settings=\"{&quot;background_background&quot;:&quot;classic&quot;}\">\n\t\t\t<div class=\"elementor-widget-wrap elementor-element-populated\">\n\t\t\t\t\t<div class=\"elementor-background-overlay\"><\/div>\n\t\t\t\t\t\t<section class=\"elementor-section elementor-inner-section elementor-element elementor-element-4ab966d elementor-section-boxed elementor-section-height-default elementor-section-height-default\" data-id=\"4ab966d\" data-element_type=\"section\" data-settings=\"{&quot;background_background&quot;:&quot;classic&quot;}\">\n\t\t\t\t\t\t<div class=\"elementor-container elementor-column-gap-default\">\n\t\t\t\t\t<div class=\"elementor-column elementor-col-50 elementor-inner-column elementor-element elementor-element-d268458\" data-id=\"d268458\" data-element_type=\"column\">\n\t\t\t<div class=\"elementor-widget-wrap elementor-element-populated\">\n\t\t\t\t\t\t<div class=\"elementor-element elementor-element-cf6838a elementor-position-top elementor-widget elementor-widget-image-box\" data-id=\"cf6838a\" data-element_type=\"widget\" data-widget_type=\"image-box.default\">\n\t\t\t\t<div class=\"elementor-widget-container\">\n\t\t\t<style>\/*! elementor - v3.19.0 - 28-02-2024 *\/\n.elementor-widget-image-box .elementor-image-box-content{width:100%}@media (min-width:768px){.elementor-widget-image-box.elementor-position-left .elementor-image-box-wrapper,.elementor-widget-image-box.elementor-position-right .elementor-image-box-wrapper{display:flex}.elementor-widget-image-box.elementor-position-right .elementor-image-box-wrapper{text-align:right;flex-direction:row-reverse}.elementor-widget-image-box.elementor-position-left .elementor-image-box-wrapper{text-align:left;flex-direction:row}.elementor-widget-image-box.elementor-position-top .elementor-image-box-img{margin:auto}.elementor-widget-image-box.elementor-vertical-align-top .elementor-image-box-wrapper{align-items:flex-start}.elementor-widget-image-box.elementor-vertical-align-middle .elementor-image-box-wrapper{align-items:center}.elementor-widget-image-box.elementor-vertical-align-bottom .elementor-image-box-wrapper{align-items:flex-end}}@media (max-width:767px){.elementor-widget-image-box .elementor-image-box-img{margin-left:auto!important;margin-right:auto!important;margin-bottom:15px}}.elementor-widget-image-box .elementor-image-box-img{display:inline-block}.elementor-widget-image-box .elementor-image-box-title a{color:inherit}.elementor-widget-image-box .elementor-image-box-wrapper{text-align:center}.elementor-widget-image-box .elementor-image-box-description{margin:0}<\/style><div class=\"elementor-image-box-wrapper\"><figure class=\"elementor-image-box-img\"><img decoding=\"async\" width=\"330\" height=\"98\" src=\"http:\/\/nnselektronik.com\/wp-content\/uploads\/2023\/12\/Tianhe.png\" class=\"attachment-full size-full wp-image-1782\" alt=\"\" srcset=\"http:\/\/nnselektronik.com\/wp-content\/uploads\/2023\/12\/Tianhe.png 330w, http:\/\/nnselektronik.com\/wp-content\/uploads\/2023\/12\/Tianhe-300x89.png 300w\" sizes=\"(max-width: 330px) 100vw, 330px\" \/><\/figure><div class=\"elementor-image-box-content\"><h3 class=\"elementor-image-box-title\">TIANHE OIL TOOLS<\/h3><p class=\"elementor-image-box-description\">\u015eirket ba\u011f\u0131ms\u0131z olarak sondaj borusu, sondaj kavanozu, kar\u0131\u015ft\u0131r\u0131c\u0131, \u00e7amur motoru, s\u00f6kme \u00e7er\u00e7evesi, \u00e7e\u015fitli delme, kuyu a\u00e7ma, \u00e7imentolama, karot alma, bal\u0131k\u00e7\u0131l\u0131k aletleri, bak\u0131m ekipman\u0131 ve aksesuarlar\u0131n\u0131, toplamda 130'dan fazla \u00e7e\u015fidi, 1000 \u00e7e\u015fit spesifikasyonu geli\u015ftirdi ve \u00fcretti. petrol sondaj\u0131 ve \u00fcretim end\u00fcstrisindeki profesyonel alet ve ekipmanlar. NNS, 2016 y\u0131l\u0131ndan bu yana TIANHE'nin Irak ve T\u00fcrkiye'deki resmi temsilcisidir.<\/p><\/div><\/div>\t\t<\/div>\n\t\t\t\t<\/div>\n\t\t\t\t\t<\/div>\n\t\t<\/div>\n\t\t\t\t<div class=\"elementor-column elementor-col-50 elementor-inner-column elementor-element elementor-element-4215d0b\" data-id=\"4215d0b\" data-element_type=\"column\">\n\t\t\t<div class=\"elementor-widget-wrap elementor-element-populated\">\n\t\t\t\t\t\t<div class=\"elementor-element elementor-element-79c98fe elementor-position-top elementor-widget elementor-widget-image-box\" data-id=\"79c98fe\" data-element_type=\"widget\" data-widget_type=\"image-box.default\">\n\t\t\t\t<div class=\"elementor-widget-container\">\n\t\t\t<div class=\"elementor-image-box-wrapper\"><figure class=\"elementor-image-box-img\"><img decoding=\"async\" width=\"147\" height=\"77\" src=\"http:\/\/nnselektronik.com\/wp-content\/uploads\/2023\/12\/hebijingbo.png\" class=\"attachment-full size-full wp-image-1785\" alt=\"\" \/><\/figure><div class=\"elementor-image-box-content\"><h3 class=\"elementor-image-box-title\">JINGBO HOSE<\/h3><p class=\"elementor-image-box-description\">1986 y\u0131l\u0131nda kurulan Hebei Jingbo Petroleum Machinery CO. LTD, Jingxian \u0130l\u00e7esi Hebei Eyaleti, CNPC, CNOOC ve SINOPEC'in birinci s\u0131n\u0131f a\u011f departman\u0131 ve CNPC'nin kuyu kontrol \u00fcniteleri \u00fcretim merkezinin yang\u0131na dayan\u0131kl\u0131 hortumlar \u015fube \u015firketidir. IADC'nin bir \u00fcyesidir. \u00c7in S\u0131n\u0131fland\u0131rma Derne\u011fi'nin ISO9000 kalite y\u00f6netim sistemi onayland\u0131. API Spec 7K, API Spec 16D ve API Spec 16C sertifikaland\u0131r\u0131ld\u0131.<\/p><\/div><\/div>\t\t<\/div>\n\t\t\t\t<\/div>\n\t\t\t\t\t<\/div>\n\t\t<\/div>\n\t\t\t\t\t<\/div>\n\t\t<\/section>\n\t\t\t\t<section class=\"elementor-section elementor-inner-section elementor-element elementor-element-499258e elementor-section-boxed elementor-section-height-default elementor-section-height-default\" data-id=\"499258e\" data-element_type=\"section\" data-settings=\"{&quot;background_background&quot;:&quot;classic&quot;}\">\n\t\t\t\t\t\t<div class=\"elementor-container elementor-column-gap-default\">\n\t\t\t\t\t<div class=\"elementor-column elementor-col-50 elementor-inner-column elementor-element elementor-element-e33173a\" data-id=\"e33173a\" data-element_type=\"column\">\n\t\t\t<div class=\"elementor-widget-wrap elementor-element-populated\">\n\t\t\t\t\t\t<div class=\"elementor-element elementor-element-8984bc4 elementor-position-top elementor-widget elementor-widget-image-box\" data-id=\"8984bc4\" data-element_type=\"widget\" data-widget_type=\"image-box.default\">\n\t\t\t\t<div class=\"elementor-widget-container\">\n\t\t\t<div class=\"elementor-image-box-wrapper\"><figure class=\"elementor-image-box-img\"><img decoding=\"async\" width=\"112\" height=\"35\" src=\"http:\/\/nnselektronik.com\/wp-content\/uploads\/2023\/12\/zapp.png\" class=\"attachment-full size-full wp-image-1783\" alt=\"\" \/><\/figure><div class=\"elementor-image-box-content\"><h3 class=\"elementor-image-box-title\">ZAPP SLICKLINES<\/h3><p class=\"elementor-image-box-description\">Zapp, petrol ve gaz end\u00fcstrisi i\u00e7in kaygan hatlar sa\u011fl\u0131yor. Zapp'a \u00f6zel malzeme portf\u00f6y\u00fc nikel bazl\u0131 ala\u015f\u0131mlar\u0131 i\u00e7erir. S\u00fcrekli kalite kontrol\u00fc ve birinci s\u0131n\u0131f hammadde kullan\u0131m\u0131 sayesinde Zapp kaliteleri en zorlu petrol, gaz ve jeotermal ko\u015fullar\u0131n \u00fcstesinden gelebilir. Ve sen de olabilirsin.\nNNS, Zapp'\u0131n Irak ve Suudi pazar\u0131ndaki sat\u0131c\u0131s\u0131d\u0131r ve y\u0131llar i\u00e7inde Irak ve Suudi Arabistan'daki petrol ve gaz \u015firketlerine 50'den fazla makaral\u0131 ince \u00e7izgi teslim etmi\u015ftir.<\/p><\/div><\/div>\t\t<\/div>\n\t\t\t\t<\/div>\n\t\t\t\t\t<\/div>\n\t\t<\/div>\n\t\t\t\t<div class=\"elementor-column elementor-col-50 elementor-inner-column elementor-element elementor-element-9eea75e\" data-id=\"9eea75e\" data-element_type=\"column\">\n\t\t\t<div class=\"elementor-widget-wrap elementor-element-populated\">\n\t\t\t\t\t\t<div class=\"elementor-element elementor-element-1d758e1 elementor-position-top elementor-widget elementor-widget-image-box\" data-id=\"1d758e1\" data-element_type=\"widget\" data-widget_type=\"image-box.default\">\n\t\t\t\t<div class=\"elementor-widget-container\">\n\t\t\t<div class=\"elementor-image-box-wrapper\"><figure class=\"elementor-image-box-img\"><img loading=\"lazy\" decoding=\"async\" width=\"282\" height=\"51\" src=\"http:\/\/nnselektronik.com\/wp-content\/uploads\/2023\/12\/camesa.png\" class=\"attachment-full size-full wp-image-1784\" alt=\"\" \/><\/figure><div class=\"elementor-image-box-content\"><h3 class=\"elementor-image-box-title\">CAMESA WIRE Co.<\/h3><p class=\"elementor-image-box-description\">Camesa Wireline, petrol ve gaz end\u00fcstrisine y\u00f6nelik mekanik ve elektromekanik kablo hatt\u0131nda yenilik\u00e7i bir liderdir.\nS\u0131n\u0131f\u0131n\u0131n en iyisi geleneksel \u00fcr\u00fcnlerden yeni nesil \u00e7\u00f6z\u00fcmlere kadar Camesa, t\u00fcm \u00fcr\u00fcnlerin d\u00fcnyan\u0131n en zorlu oyunlar\u0131nda bile performans g\u00f6sterecek \u015fekilde tasarlanmas\u0131n\u0131 sa\u011flamak i\u00e7in d\u00fcnya \u00e7ap\u0131ndaki m\u00fc\u015fterilerle do\u011frudan \u00e7al\u0131\u015f\u0131yor.<\/p><\/div><\/div>\t\t<\/div>\n\t\t\t\t<\/div>\n\t\t\t\t\t<\/div>\n\t\t<\/div>\n\t\t\t\t\t<\/div>\n\t\t<\/section>\n\t\t\t\t\t<\/div>\n\t\t<\/div>\n\t\t\t\t\t<\/div>\n\t\t<\/section>\n\t\t\t\t<\/div>\n\t\t","protected":false},"excerpt":{"rendered":"<p>Markalar Temsilcilerimiz Markalar TIANHE OIL TOOLS \u015eirket ba\u011f\u0131ms\u0131z olarak sondaj borusu, sondaj kavanozu, kar\u0131\u015ft\u0131r\u0131c\u0131, \u00e7amur motoru, s\u00f6kme \u00e7er\u00e7evesi, \u00e7e\u015fitli delme, kuyu a\u00e7ma, \u00e7imentolama, karot alma, bal\u0131k\u00e7\u0131l\u0131k aletleri, bak\u0131m ekipman\u0131 ve aksesuarlar\u0131n\u0131, toplamda 130&#8217;dan fazla \u00e7e\u015fidi, 1000 \u00e7e\u015fit spesifikasyonu geli\u015ftirdi ve \u00fcretti. petrol sondaj\u0131 ve \u00fcretim end\u00fcstrisindeki profesyonel alet ve ekipmanlar. NNS, 2016 y\u0131l\u0131ndan bu yana [&hellip;]<\/p>\n","protected":false},"author":1,"featured_media":0,"parent":0,"menu_order":0,"comment_status":"closed","ping_status":"closed","template":"","meta":{"footnotes":""},"class_list":["post-2547","page","type-page","status-publish","hentry"],"_links":{"self":[{"href":"http:\/\/nnselektronik.com\/tr\/wp-json\/wp\/v2\/pages\/2547","targetHints":{"allow":["GET"]}}],"collection":[{"href":"http:\/\/nnselektronik.com\/tr\/wp-json\/wp\/v2\/pages"}],"about":[{"href":"http:\/\/nnselektronik.com\/tr\/wp-json\/wp\/v2\/types\/page"}],"author":[{"embeddable":true,"href":"http:\/\/nnselektronik.com\/tr\/wp-json\/wp\/v2\/users\/1"}],"replies":[{"embeddable":true,"href":"http:\/\/nnselektronik.com\/tr\/wp-json\/wp\/v2\/comments?post=2547"}],"version-history":[{"count":4,"href":"http:\/\/nnselektronik.com\/tr\/wp-json\/wp\/v2\/pages\/2547\/revisions"}],"predecessor-version":[{"id":2551,"href":"http:\/\/nnselektronik.com\/tr\/wp-json\/wp\/v2\/pages\/2547\/revisions\/2551"}],"wp:attachment":[{"href":"http:\/\/nnselektronik.com\/tr\/wp-json\/wp\/v2\/media?parent=2547"}],"curies":[{"name":"wp","href":"https:\/\/api.w.org\/{rel}","templated":true}]}}