{"id":2522,"date":"2024-01-09T05:58:02","date_gmt":"2024-01-09T05:58:02","guid":{"rendered":"http:\/\/nnselektronik.com\/drilling-instruments\/"},"modified":"2024-02-29T11:55:32","modified_gmt":"2024-02-29T11:55:32","slug":"drilling-instruments","status":"publish","type":"page","link":"http:\/\/nnselektronik.com\/tr\/drilling-instruments\/","title":{"rendered":"Drilling Instruments"},"content":{"rendered":"\t\t<div data-elementor-type=\"wp-page\" data-elementor-id=\"2522\" class=\"elementor elementor-2522\" data-elementor-post-type=\"page\">\n\t\t\t\t<div class=\"elementor-element elementor-element-4c0a419 e-flex e-con-boxed e-con e-parent\" data-id=\"4c0a419\" data-element_type=\"container\" data-settings=\"{&quot;background_background&quot;:&quot;classic&quot;,&quot;content_width&quot;:&quot;boxed&quot;}\" data-core-v316-plus=\"true\">\n\t\t\t\t\t<div class=\"e-con-inner\">\n\t\t<div class=\"elementor-element elementor-element-bd147f0 e-con-full e-flex e-con e-child\" data-id=\"bd147f0\" data-element_type=\"container\" data-settings=\"{&quot;content_width&quot;:&quot;full&quot;}\">\n\t\t\t\t<div class=\"elementor-element elementor-element-cdc8427 elementor-widget elementor-widget-heading\" data-id=\"cdc8427\" data-element_type=\"widget\" data-widget_type=\"heading.default\">\n\t\t\t\t<div class=\"elementor-widget-container\">\n\t\t\t<style>\/*! elementor - v3.19.0 - 28-02-2024 *\/\n.elementor-heading-title{padding:0;margin:0;line-height:1}.elementor-widget-heading .elementor-heading-title[class*=elementor-size-]>a{color:inherit;font-size:inherit;line-height:inherit}.elementor-widget-heading .elementor-heading-title.elementor-size-small{font-size:15px}.elementor-widget-heading .elementor-heading-title.elementor-size-medium{font-size:19px}.elementor-widget-heading .elementor-heading-title.elementor-size-large{font-size:29px}.elementor-widget-heading .elementor-heading-title.elementor-size-xl{font-size:39px}.elementor-widget-heading .elementor-heading-title.elementor-size-xxl{font-size:59px}<\/style><h1 class=\"elementor-heading-title elementor-size-default\">Delme<br> Aletleri<\/h1>\t\t<\/div>\n\t\t\t\t<\/div>\n\t\t\t\t<\/div>\n\t\t\t\t\t<\/div>\n\t\t\t\t<\/div>\n\t\t<div class=\"elementor-element elementor-element-977e14a e-flex e-con-boxed e-con e-parent\" data-id=\"977e14a\" data-element_type=\"container\" data-settings=\"{&quot;content_width&quot;:&quot;boxed&quot;}\" data-core-v316-plus=\"true\">\n\t\t\t\t\t<div class=\"e-con-inner\">\n\t\t<div class=\"elementor-element elementor-element-90354a1 e-con-full e-flex e-con e-child\" data-id=\"90354a1\" data-element_type=\"container\" data-settings=\"{&quot;content_width&quot;:&quot;full&quot;}\">\n\t\t<div class=\"elementor-element elementor-element-f88cdff e-flex e-con-boxed e-con e-child\" data-id=\"f88cdff\" data-element_type=\"container\" data-settings=\"{&quot;content_width&quot;:&quot;boxed&quot;}\">\n\t\t\t\t\t<div class=\"e-con-inner\">\n\t\t\t\t<div class=\"elementor-element elementor-element-a15de39 elementor-cta--skin-cover elementor-widget elementor-widget-call-to-action\" data-id=\"a15de39\" data-element_type=\"widget\" data-widget_type=\"call-to-action.default\">\n\t\t\t\t<div class=\"elementor-widget-container\">\n\t\t\t<link rel=\"stylesheet\" href=\"http:\/\/nnselektronik.com\/wp-content\/plugins\/elementor-pro\/assets\/css\/widget-call-to-action.min.css\">\t\t<div class=\"elementor-cta\">\n\t\t\t\t\t<div class=\"elementor-cta__bg-wrapper\">\n\t\t\t\t<div class=\"elementor-cta__bg elementor-bg\" style=\"background-image: url(http:\/\/nnselektronik.com\/wp-content\/uploads\/2024\/02\/NNS-Oil-Drilling-Instruments.png);\" role=\"img\" aria-label=\"NNS - Oil Drilling Instruments\"><\/div>\n\t\t\t\t<div class=\"elementor-cta__bg-overlay\"><\/div>\n\t\t\t<\/div>\n\t\t\t\t\t\t\t<div class=\"elementor-cta__content\">\n\t\t\t\t\n\t\t\t\t\t\t\t\t\t<h2 class=\"elementor-cta__title elementor-cta__content-item elementor-content-item\">\n\t\t\t\t\t\tSondaj<br>Aletleri\t\t\t\t\t<\/h2>\n\t\t\t\t\n\t\t\t\t\n\t\t\t\t\t\t\t<\/div>\n\t\t\t\t\t\t<\/div>\n\t\t\t\t<\/div>\n\t\t\t\t<\/div>\n\t\t\t\t<div class=\"elementor-element elementor-element-ca90c72 elementor-widget elementor-widget-tp-unfold\" data-id=\"ca90c72\" data-element_type=\"widget\" data-widget_type=\"tp-unfold.default\">\n\t\t\t\t<div class=\"elementor-widget-container\">\n\t\t\t<div class=\"tp-unfold-wrapper plus6a04d192c6742  \" data-id=\"plus6a04d192c6742\"  data-content_a_source=\"content\" data-con_pos=\"default\" data-icon-position=\"tp_ic_pos_before\" data-readmore=\"\" data-readless=\"\" data-readmore-icon=\"&lt;svg aria-hidden=&quot;true&quot; class=&quot;e-font-icon-svg e-fas-plus&quot; viewBox=&quot;0 0 448 512&quot; xmlns=&quot;http:\/\/www.w3.org\/2000\/svg&quot;&gt;&lt;path d=&quot;M416 208H272V64c0-17.67-14.33-32-32-32h-32c-17.67 0-32 14.33-32 32v144H32c-17.67 0-32 14.33-32 32v32c0 17.67 14.33 32 32 32h144v144c0 17.67 14.33 32 32 32h32c17.67 0 32-14.33 32-32V304h144c17.67 0 32-14.33 32-32v-32c0-17.67-14.33-32-32-32z&quot;&gt;&lt;\/path&gt;&lt;\/svg&gt;\" data-readless-icon=\"&lt;svg aria-hidden=&quot;true&quot; class=&quot;e-font-icon-svg e-fas-window-minimize&quot; viewBox=&quot;0 0 512 512&quot; xmlns=&quot;http:\/\/www.w3.org\/2000\/svg&quot;&gt;&lt;path d=&quot;M464 352H48c-26.5 0-48 21.5-48 48v32c0 26.5 21.5 48 48 48h416c26.5 0 48-21.5 48-48v-32c0-26.5-21.5-48-48-48z&quot;&gt;&lt;\/path&gt;&lt;\/svg&gt;\"  data-transition-duration=\"200\" data-content-max-height=\"100\" data-content-max-height-t=\"100\" data-content-max-height-m=\"100\"  ><div class=\"tp-unfold-title\"><\/div><div class=\"tp-unfold-description\" ><div class=\"tp-unfold-description-inner\"><p>G\u00fcn\u00fcm\u00fcz\u00fcn zorlu delme ortamlar\u0131nda sa\u011flam, g\u00fcvenilir ve do\u011fru aletlere kritik bir ihtiya\u00e7 vard\u0131r. NNS, Petrol Sahas\u0131 Cihazlar\u0131 ekipmanlar\u0131n\u0131n tamam\u0131n\u0131 sunmaktad\u0131r. Bas\u0131n\u00e7 g\u00f6stergelerinden komple sistemlere kadar her \u015feyle, i\u015finiz i\u00e7in en y\u00fcksek kaliteyi, en uygun maliyetli \u00fcr\u00fcn\u00fc belirlemenize ve ard\u0131ndan bunu bireysel dikkatle desteklemenize yard\u0131mc\u0131 olaca\u011f\u0131z. NNS, bu alanda tan\u0131nm\u0131\u015f farkl\u0131 markalar\u0131n resmi temsilcisidir ve m\u00fc\u015fterilerimizin t\u00fcm gereksinimlerini kar\u015f\u0131layabilir.<\/p><\/div><\/div><div class=\"tp-unfold-last-toggle flex-end\"><button class=\"tp-unfold-toggle \"><svg aria-hidden=\"true\" class=\"e-font-icon-svg e-fas-plus\" viewBox=\"0 0 448 512\" xmlns=\"http:\/\/www.w3.org\/2000\/svg\"><path d=\"M416 208H272V64c0-17.67-14.33-32-32-32h-32c-17.67 0-32 14.33-32 32v144H32c-17.67 0-32 14.33-32 32v32c0 17.67 14.33 32 32 32h144v144c0 17.67 14.33 32 32 32h32c17.67 0 32-14.33 32-32V304h144c17.67 0 32-14.33 32-32v-32c0-17.67-14.33-32-32-32z\"><\/path><\/svg>  <\/button><\/div><\/div>\t\t<\/div>\n\t\t\t\t<\/div>\n\t\t\t\t\t<\/div>\n\t\t\t\t<\/div>\n\t\t\t\t<\/div>\n\t\t<div class=\"elementor-element elementor-element-4d21844 e-con-full e-flex e-con e-child\" data-id=\"4d21844\" data-element_type=\"container\" data-settings=\"{&quot;content_width&quot;:&quot;full&quot;}\">\n\t\t\t\t<\/div>\n\t\t\t\t\t<\/div>\n\t\t\t\t<\/div>\n\t\t\t\t<\/div>\n\t\t","protected":false},"excerpt":{"rendered":"<p>Delme Aletleri SondajAletleri G\u00fcn\u00fcm\u00fcz\u00fcn zorlu delme ortamlar\u0131nda sa\u011flam, g\u00fcvenilir ve do\u011fru aletlere kritik bir ihtiya\u00e7 vard\u0131r. NNS, Petrol Sahas\u0131 Cihazlar\u0131 ekipmanlar\u0131n\u0131n tamam\u0131n\u0131 sunmaktad\u0131r. Bas\u0131n\u00e7 g\u00f6stergelerinden komple sistemlere kadar her \u015feyle, i\u015finiz i\u00e7in en y\u00fcksek kaliteyi, en uygun maliyetli \u00fcr\u00fcn\u00fc belirlemenize ve ard\u0131ndan bunu bireysel dikkatle desteklemenize yard\u0131mc\u0131 olaca\u011f\u0131z. NNS, bu alanda tan\u0131nm\u0131\u015f farkl\u0131 markalar\u0131n resmi [&hellip;]<\/p>\n","protected":false},"author":1,"featured_media":0,"parent":0,"menu_order":0,"comment_status":"closed","ping_status":"closed","template":"","meta":{"footnotes":""},"class_list":["post-2522","page","type-page","status-publish","hentry"],"_links":{"self":[{"href":"http:\/\/nnselektronik.com\/tr\/wp-json\/wp\/v2\/pages\/2522","targetHints":{"allow":["GET"]}}],"collection":[{"href":"http:\/\/nnselektronik.com\/tr\/wp-json\/wp\/v2\/pages"}],"about":[{"href":"http:\/\/nnselektronik.com\/tr\/wp-json\/wp\/v2\/types\/page"}],"author":[{"embeddable":true,"href":"http:\/\/nnselektronik.com\/tr\/wp-json\/wp\/v2\/users\/1"}],"replies":[{"embeddable":true,"href":"http:\/\/nnselektronik.com\/tr\/wp-json\/wp\/v2\/comments?post=2522"}],"version-history":[{"count":3,"href":"http:\/\/nnselektronik.com\/tr\/wp-json\/wp\/v2\/pages\/2522\/revisions"}],"predecessor-version":[{"id":2526,"href":"http:\/\/nnselektronik.com\/tr\/wp-json\/wp\/v2\/pages\/2522\/revisions\/2526"}],"wp:attachment":[{"href":"http:\/\/nnselektronik.com\/tr\/wp-json\/wp\/v2\/media?parent=2522"}],"curies":[{"name":"wp","href":"https:\/\/api.w.org\/{rel}","templated":true}]}}